{"id":33049,"date":"2022-04-12T11:00:35","date_gmt":"2022-04-12T09:00:35","guid":{"rendered":"http:\/\/alquiler.balearichomemallorca.com\/sobre-nosotros\/"},"modified":"2022-04-12T11:00:35","modified_gmt":"2022-04-12T09:00:35","slug":"sobre-nosotros","status":"publish","type":"page","link":"https:\/\/alquiler.balearichomemallorca.com\/de\/sobre-nosotros\/","title":{"rendered":"SOBRE NOSOTROS"},"content":{"rendered":"<style>\/*! elementor - v3.6.2 - 04-04-2022 *\/<br \/>\n.elementor-heading-title{padding:0;margin:0;line-height:1}.elementor-widget-heading .elementor-heading-title[class*=elementor-size-]>a{color:inherit;font-size:inherit;line-height:inherit}.elementor-widget-heading .elementor-heading-title.elementor-size-small{font-size:15px}.elementor-widget-heading .elementor-heading-title.elementor-size-medium{font-size:19px}.elementor-widget-heading .elementor-heading-title.elementor-size-large{font-size:29px}.elementor-widget-heading .elementor-heading-title.elementor-size-xl{font-size:39px}.elementor-widget-heading .elementor-heading-title.elementor-size-xxl{font-size:59px}<\/style>\n<h2>Mehr \u00fcber uns<\/h2>\n<p>Lernen Sie unser talentiertes Team kennen<\/p>\n<h2>Mehr \u00fcber uns<\/h2>\n<h2>Mit ihrer au\u00dfergew\u00f6hnlichen Erfahrung und ihrem Wissen \u00fcber den Luxusmarkt am Wasser betreut Simone einen umfangreichen und elit\u00e4ren weltweiten Kundenstamm.&nbsp;<\/h2>\n<h3>Unser Auftrag<\/h3>\n<p>Mit \u00fcber 2 Milliarden Dollar Umsatz ist unsere Agentur der Top-Luxus-Produzent der Branche mit \u00fcber 27 Jahren Erfahrung in der Vermarktung von Seattles prestigetr\u00e4chtigsten Immobilien am Wasser.&nbsp;<\/p>\n<style>\/*! elementor - v3.6.2 - 04-04-2022 *\/<br \/>\n.e-container.e-container--row .elementor-spacer-inner{width:var(--spacer-size)}.e-container.e-container--column .elementor-spacer-inner,.elementor-column .elementor-spacer-inner{height:var(--spacer-size)}<\/style>\n<h3>Unsere Werte<\/h3>\n<p>Mit ihrer langj\u00e4hrigen Erfahrung, ihrem beeindruckenden Immobilienportfolio, ihrer prominenten Kundschaft und ihren unvergleichlichen Kenntnissen des Marktes und der rassigen Nachl\u00e4sse ist Simones gesch\u00e4tztes Gesch\u00e4ft anspruchsvoll und renommiert.<\/p>\n<h3>Unsere Vision<\/h3>\n<p>Aufgrund unserer unvergleichlichen Ergebnisse, unseres Fachwissens und unseres Engagements geh\u00f6ren wir zu den 6 besten Agenturen in Seattle und Umgebung. Au\u00dferdem ist sie Mitglied des Corcoran Presidents Council.&nbsp;&nbsp;<\/p>\n<h3>Unsere Ressourcen<\/h3>\n<p>Mit ihrer langj\u00e4hrigen Erfahrung, ihrem beeindruckenden Immobilienportfolio, ihrer prominenten Kundschaft und ihren unvergleichlichen Kenntnissen des Marktes und der rassigen Nachl\u00e4sse ist Simones gesch\u00e4tztes Gesch\u00e4ft anspruchsvoll und renommiert.<\/p>\n<h2>Treffen Sie unser Team<\/h2>\n<h2>Wenn Sie die bestm\u00f6gliche Betreuung f\u00fcr Ihren Immobilienbedarf w\u00fcnschen,<br \/>\nunsere zertifizierten Fachleute sind f\u00fcr Sie da<\/h2>\n<p><img decoding=\"async\" width=\"500\" height=\"328\" src=\"http:\/\/demo-install.wpestate.org\/wp-content\/uploads\/2014\/05\/person4-7-4-500x328.jpg\" alt=\"\" loading=\"lazy\" srcset=\"http:\/\/demo-install.wpestate.org\/wp-content\/uploads\/2014\/05\/person4-7-4-500x328.jpg 500w, http:\/\/demo-install.wpestate.org\/wp-content\/uploads\/2014\/05\/person4-7-4-105x70.jpg 105w\" sizes=\"auto, (max-width: 500px) 100vw, 500px\"><\/p>\n<h4> <a href=\"http:\/\/demo-install.wpestate.org\/agents\/michael-suttherland\/\">Michaela Suttherland<\/a><\/h4>\n<p>ImmobilienmaklerMichaels Kontaktfreudigkeit, sein unabh\u00e4ngiger Geist und sein unglaublicher Kundenservice heben ihn von anderen <a href=\"http:\/\/demo-install.wpestate.org\/agents\/michael-suttherland\/\">.<\/a>..<br \/>\n<a href=\"http:\/\/wpresidence.net\/\" rel=\"noopener\"><\/a> <a href=\"http:\/\/wpresidence.net\/\" rel=\"noopener\"><\/a> <a href=\"http:\/\/wpresidence.net\/\" rel=\"noopener\"><\/a> <a href=\"http:\/\/wpresidence.net\/\" rel=\"noopener\"><\/a><a href=\"tel:(305)%20555-4555\" rel=\"noopener\"><\/a><a href=\"mailto:michael@wpresidence.net\" rel=\"noopener\"><\/a><br \/>\n<!-- --><br \/>\n<img decoding=\"async\" width=\"500\" height=\"328\" src=\"http:\/\/demo-install.wpestate.org\/wp-content\/uploads\/2014\/05\/person-16-4-500x328.jpg\" alt=\"\" loading=\"lazy\" srcset=\"http:\/\/demo-install.wpestate.org\/wp-content\/uploads\/2014\/05\/person-16-4-500x328.jpg 500w, http:\/\/demo-install.wpestate.org\/wp-content\/uploads\/2014\/05\/person-16-4-105x70.jpg 105w\" sizes=\"auto, (max-width: 500px) 100vw, 500px\"><\/p>\n<h4> <a href=\"http:\/\/demo-install.wpestate.org\/agents\/john-collins\/\">John Collins<\/a><\/h4>\n<p>UnternehmensvertreterLorem ipsum dolor sit amet, consectetur adipiscing elit. Ut vel sem ut magna posuere tinci <a href=\"http:\/\/demo-install.wpestate.org\/agents\/john-collins\/\">&#8230;<\/a><br \/>\n<a href=\"#\" rel=\"noopener\"><\/a> <a href=\"#\" rel=\"noopener\"><\/a> <a href=\"#\" rel=\"noopener\"><\/a> <a href=\"#\" rel=\"noopener\"><\/a> <a href=\"#\" rel=\"noopener\"><\/a><a href=\"tel:123-456-789\" rel=\"noopener\"><\/a><a href=\"mailto:John_demo@email.com\" rel=\"noopener\"><\/a><br \/>\n<!-- --><br \/>\n<img decoding=\"async\" width=\"500\" height=\"328\" src=\"http:\/\/demo-install.wpestate.org\/wp-content\/uploads\/2014\/05\/person4-7-4-500x328.jpg\" alt=\"\" loading=\"lazy\" srcset=\"http:\/\/demo-install.wpestate.org\/wp-content\/uploads\/2014\/05\/person4-7-4-500x328.jpg 500w, http:\/\/demo-install.wpestate.org\/wp-content\/uploads\/2014\/05\/person4-7-4-105x70.jpg 105w\" sizes=\"auto, (max-width: 500px) 100vw, 500px\"><\/p>\n<h4> <a href=\"http:\/\/demo-install.wpestate.org\/agents\/lora-smith\/\">Lora Smith<\/a><\/h4>\n<p>VertriebsmitarbeiterEs gibt viele Variationen von Lorem Ipsum, aber die meisten sind ausreichend <a href=\"http:\/\/demo-install.wpestate.org\/agents\/lora-smith\/\">.<\/a>..<br \/>\n<a href=\"#\" rel=\"noopener\"><\/a> <a href=\"#\" rel=\"noopener\"><\/a> <a href=\"#\" rel=\"noopener\"><\/a> <a href=\"#\" rel=\"noopener\"><\/a> <a href=\"#\" rel=\"noopener\"><\/a><a href=\"tel:899%209877%208877\" rel=\"noopener\"><\/a><a href=\"mailto:lora_demo@gmail.com\" rel=\"noopener\"><\/a><br \/>\n<!-- --><\/p>\n<h2>Testimonials<\/h2>\n<h2>Ver\u00f6ffentlichen Sie die besten Zeugnisse Ihrer Kunden und lassen Sie die Welt wissen, was f\u00fcr ein gro\u00dfartiger Makler oder Immobilienmakler Sie sind. Testimonials schaffen Vertrauen<\/h2>\n<p>Donna Gilmore gl\u00fccklicher Verk\u00e4ufer Ich habe eine Reihe verschiedener WordPress-Themes gepr\u00fcft und gekauft, bevor ich mich f\u00fcr Wp Residence entschied.<br \/>\nMika Gilmore gl\u00fccklicher Verk\u00e4ufer Das Team von WP Estate hat hervorragende Arbeit geleistet und mir beim Kauf und der Erstellung meiner ersten Immobilien-Website geholfen.<br \/>\nLisa Simpson gl\u00fcckliche K\u00e4uferin Wir haben das Team von WP Estate als Kaufmakler engagiert, weil sie das perfekte Team f\u00fcr Immobilienprojekte sind.<\/p>\n<h2>H\u00e4ufig gestellte Fragen<\/h2>\n<h2>Mit Hilfe dieses Leitfadens k\u00f6nnen Sie sich mit den Regeln, Gesetzen und anderen wichtigen Informationen zu Ihrem Eigentum vertraut machen.<\/h2>\n<style>\/*! elementor - v3.6.2 - 04-04-2022 *\/<br \/>\n.elementor-toggle{text-align:left}.elementor-toggle .elementor-tab-title{font-weight:700;line-height:1;margin:0;padding:15px;border-bottom:1px solid #d4d4d4;cursor:pointer;outline:none}.elementor-toggle .elementor-tab-title .elementor-toggle-icon{display:inline-block;width:1em}.elementor-toggle .elementor-tab-title .elementor-toggle-icon svg{-webkit-margin-start:-5px;margin-inline-start:-5px;width:1em;height:1em}.elementor-toggle .elementor-tab-title .elementor-toggle-icon.elementor-toggle-icon-right{float:right;text-align:right}.elementor-toggle .elementor-tab-title .elementor-toggle-icon.elementor-toggle-icon-left{float:left;text-align:left}.elementor-toggle .elementor-tab-title .elementor-toggle-icon .elementor-toggle-icon-closed{display:block}.elementor-toggle .elementor-tab-title .elementor-toggle-icon .elementor-toggle-icon-opened{display:none}.elementor-toggle .elementor-tab-title.elementor-active{border-bottom:none}.elementor-toggle .elementor-tab-title.elementor-active .elementor-toggle-icon-closed{display:none}.elementor-toggle .elementor-tab-title.elementor-active .elementor-toggle-icon-opened{display:block}.elementor-toggle .elementor-tab-content{padding:15px;border-bottom:1px solid #d4d4d4;display:none}@media (max-width:767px){.elementor-toggle .elementor-tab-title{padding:12px}.elementor-toggle .elementor-tab-content{padding:12px 10px}}<\/style>\n<p>\t\t\t\t\t\t\t\t\t\t\t\t<a href=\"\">Warum wird es f\u00fcr notwendig erachtet, einen Kaufvertrag zu registrieren?<\/a><\/p>\n<p>Der Registration Act von 1908, der Transfer of Property Act von 1882 und der Real Estate (Regulation and Development) Act von 2016 schreiben die Eintragung eines Kaufvertrags f\u00fcr eine Immobilie vor. Durch die Eintragung des Kaufvertrags f\u00fcr eine Immobilie wird dieser zu einem dauerhaften \u00f6ffentlichen Dokument. Au\u00dferdem gilt eine Person erst dann als rechtm\u00e4\u00dfiger Eigent\u00fcmer einer Immobilie, wenn sie diese auf ihren Namen eintragen l\u00e4sst.<\/p>\n<p><a href=\"\">Was ist eine Teppichfl\u00e4che?<\/a><br \/>\nLorem ipsum dolor sit amet, consectetur adipiscing elit. Ut elit tellus, luctus nec ullamcorper mattis, pulvinar dapibus leo.<br \/>\n<a href=\"\">Wie kann ich mich f\u00fcr Steuerbefreiungen qualifizieren?<\/a><br \/>\nLorem ipsum dolor sit amet, consectetur adipiscing elit. Ut elit tellus, luctus nec ullamcorper mattis, pulvinar dapibus leo.<br \/>\n<a href=\"\">Muss ich Stempelsteuer zahlen, wenn die Immobilie \u00fcbertragen wird oder eine Schenkung ist?<\/a><br \/>\nLorem ipsum dolor sit amet, consectetur adipiscing elit. Ut elit tellus, luctus nec ullamcorper mattis, pulvinar dapibus leo.<br \/>\n<a href=\"\">Welche Unterlagen ben\u00f6tigt ein K\u00e4ufer von mir?<\/a><br \/>\nLorem ipsum dolor sit amet, consectetur adipiscing elit. Ut elit tellus, luctus nec ullamcorper mattis, pulvinar dapibus leo.<br \/>\n<a href=\"\">Wie schnell w\u00fcrde ich nach dem Schreiben einen Anruf von Ihnen erhalten?<\/a><br \/>\nLorem ipsum dolor sit amet, consectetur adipiscing elit. Ut elit tellus, luctus nec ullamcorper mattis, pulvinar dapibus leo.<\/p>\n<h2>Unsere Teamstatistiken<\/h2>\n<h2>Trotz eines Gesamtumsatzes von weit \u00fcber 1 Milliarde Dollar bem\u00fcht sich das Team jedoch um Bescheidenheit und Diskretion<\/h2>\n<style>\/*! elementor - v3.6.2 - 04-04-2022 *\/<br \/>\n.elementor-counter .elementor-counter-number-wrapper{display:-webkit-box;display:-ms-flexbox;display:flex;font-size:69px;font-weight:600;line-height:1}.elementor-counter .elementor-counter-number-prefix,.elementor-counter .elementor-counter-number-suffix{-webkit-box-flex:1;-ms-flex-positive:1;flex-grow:1;white-space:pre-wrap}.elementor-counter .elementor-counter-number-prefix{text-align:right}.elementor-counter .elementor-counter-number-suffix{text-align:left}.elementor-counter .elementor-counter-title{text-align:center;font-size:19px;font-weight:400;line-height:2.5}<\/style>\n<p>  $<br \/>\n0<br \/>\nM<br \/>\nAktuelles Listing Volumen<br \/>\n$<br \/>\n350<br \/>\nM<br \/>\nInsgesamt verkauft 2020 &#8211; 2022<br \/>\n$<br \/>\n0<br \/>\nB<br \/>\nVerkaufsvolumen \u00fcber die gesamte Lebensdauer<\/p>\n<h2>Nehmen Sie Kontakt auf, um Ihre n\u00e4chste Transaktion zu planen<\/h2>\n<p>Unsere Experten und Entwickler w\u00fcrden sich freuen, Ihnen mit ihrem Fachwissen und ihren Erfahrungen helfen zu k\u00f6nnen.<\/p>\n<form id=\"wpresidence-elementor-form-21af2c3a\" method=\"post\">\n            <input name=\"prop_id\" type=\"hidden\" id=\"agent_property_id\" value=\"\"><br \/>\n<input name=\"prop_id\" type=\"hidden\" id=\"agent_id\" value=\"\"><br \/>\n<input name=\"prop_id\" type=\"hidden\" id=\"contact_form_elementor\" value=\"1\"><br \/>\n<input type=\"hidden\" name=\"contact_ajax_nonce\" id=\"agent_property_ajax_nonce\" value=\"62f18c5c85\"><br \/>\n<input type=\"hidden\" id=\"wpresidence_form_id\" name=\"wpresidence_form_id\" value=\"wresidence_form_7883\"><br \/>\n<input type=\"hidden\" id=\"elementor_email_subject\" name=\"email_suject\" value=\"Neue E-Mail von \"WpResidence Real Estate Demo\"  \"><br \/>\n<label for=\"form-field-name\">Nachname*<\/label><input type=\"text\" name=\"last_name\" id=\"form-field-name\" required=\"required\" placeholder=\"Nachname\"><label for=\"form-field-5217b40\">Vornamen*<\/label><input type=\"text\" name=\"first_name\" id=\"form-field-5217b40\" required=\"required\" placeholder=\"Vornamen\"><label for=\"form-field-email\">E-Mail*<\/label><input type=\"email\" name=\"email\" id=\"form-field-email\" required=\"required\" placeholder=\"E-Mail\"><label for=\"form-field-e5a3521\">Mobil<\/label><input type=\"text\" name=\"mobile\" id=\"form-field-e5a3521\" placeholder=\"Mobil\"><label for=\"form-field-message\">Nachricht<\/label><textarea name=\"message\" id=\"form-field-message\" rows=\"4\" placeholder=\"Nachricht\"><\/textarea><br \/>\n<button type=\"submit\"><br \/>\nE-Mail senden  <\/button><br \/>\n<\/form>\n","protected":false},"excerpt":{"rendered":"<p>Mehr \u00fcber uns Lernen Sie unser talentiertes Team kennen Mehr \u00fcber uns Mit ihrer au\u00dfergew\u00f6hnlichen Erfahrung und ihrem Wissen \u00fcber den Luxusmarkt am Wasser betreut Simone einen umfangreichen und elit\u00e4ren weltweiten Kundenstamm.&nbsp; Unser Auftrag Mit \u00fcber 2 Milliarden Dollar Umsatz ist unsere Agentur der Top-Luxus-Produzent der Branche mit \u00fcber 27 Jahren Erfahrung in der Vermarktung von Seattles prestigetr\u00e4chtigsten Immobilien am Wasser.&nbsp; Unsere Werte Mit &#8230;<\/p>\n","protected":false},"author":1,"featured_media":0,"parent":0,"menu_order":0,"comment_status":"closed","ping_status":"closed","template":"elementor_header_footer","meta":{"footnotes":""},"class_list":["post-33049","page","type-page","status-publish","hentry"],"_links":{"self":[{"href":"https:\/\/alquiler.balearichomemallorca.com\/de\/wp-json\/wp\/v2\/pages\/33049","targetHints":{"allow":["GET"]}}],"collection":[{"href":"https:\/\/alquiler.balearichomemallorca.com\/de\/wp-json\/wp\/v2\/pages"}],"about":[{"href":"https:\/\/alquiler.balearichomemallorca.com\/de\/wp-json\/wp\/v2\/types\/page"}],"author":[{"embeddable":true,"href":"https:\/\/alquiler.balearichomemallorca.com\/de\/wp-json\/wp\/v2\/users\/1"}],"replies":[{"embeddable":true,"href":"https:\/\/alquiler.balearichomemallorca.com\/de\/wp-json\/wp\/v2\/comments?post=33049"}],"version-history":[{"count":0,"href":"https:\/\/alquiler.balearichomemallorca.com\/de\/wp-json\/wp\/v2\/pages\/33049\/revisions"}],"wp:attachment":[{"href":"https:\/\/alquiler.balearichomemallorca.com\/de\/wp-json\/wp\/v2\/media?parent=33049"}],"curies":[{"name":"wp","href":"https:\/\/api.w.org\/{rel}","templated":true}]}}