{"id":33077,"date":"2021-12-10T11:58:19","date_gmt":"2021-12-10T10:58:19","guid":{"rendered":"http:\/\/alquiler.balearichomemallorca.com\/registrierungs-und-anmeldeformulare\/"},"modified":"2021-12-10T11:58:19","modified_gmt":"2021-12-10T10:58:19","slug":"registrierungs-und-anmeldeformulare","status":"publish","type":"page","link":"https:\/\/alquiler.balearichomemallorca.com\/de\/registrierungs-und-anmeldeformulare\/","title":{"rendered":"Registrierungs- und Anmeldeformulare"},"content":{"rendered":"<h2>Register<\/h2>\n<p>                <label id=\"user_terms_register_sh_label\" for=\"user_terms_register_sh\">Estoy de acuerdo con <a href=\"\/?page_id=31371\" target=\"_blank\" id=\"user_terms_register_topbar_link\" rel=\"noopener\">t\u00e9rminos y condiciones<\/a> <\/label><\/p>\n<p>\n                    <button id=\"wp-submit-register\">Registrieren<\/button>\n                <\/p>\n<h2>Ein Konto erstellen<\/h2>\n<p>                <button id=\"wp-login-but\">Sitzung einleiten<\/button><br \/>\n                <a href=\"#\" id=\"forgot_pass\">\u00bfSe te olvid\u00f3 tu contrase\u00f1a?<\/a><\/p>\n<p>            <button id=\"wp-forgot-but\" name=\"forgot\">Restablecer contrase\u00f1a<\/button><br \/>\n            <a href=\"#\" id=\"return_login\">Zum Beginn der Sitzung \u00fcbergehen<\/a><\/p>\n<h2>Wie es funktioniert<\/h2>\n<p>Sie k\u00f6nnen Ihre benutzerdefinierten Login-\/Registrierungsseiten mit den Shortcodes &#8222;Register Form&#8220; und &#8222;Login Form&#8220; erstellen.<\/p>\n<p>Einfaches Benutzertestkonto f\u00fcr die Hauptdemo (bestimmte Mitgliedschaftspakete, verschiedene Profilinformationen)<\/p>\n<p><strong>Benutzername = Benutzer<\/strong><br \/><strong>Kennwort = 1234<\/strong><\/p>\n<p>Agententestkonto f\u00fcr die Hauptdemo (bestimmte Mitgliedschaftspakete, unterschiedliche Profilinformationen)<\/p>\n<p><strong>Benutzername = Agent<\/strong><br \/><strong>Kennwort = 1234<\/strong><\/p>\n","protected":false},"excerpt":{"rendered":"<p>Register Estoy de acuerdo con t\u00e9rminos y condiciones Registrieren Ein Konto erstellen Sitzung einleiten \u00bfSe te olvid\u00f3 tu contrase\u00f1a? Restablecer contrase\u00f1a Zum Beginn der Sitzung \u00fcbergehen Wie es funktioniert Sie k\u00f6nnen Ihre benutzerdefinierten Login-\/Registrierungsseiten mit den Shortcodes &#8222;Register Form&#8220; und &#8222;Login Form&#8220; erstellen. Einfaches Benutzertestkonto f\u00fcr die Hauptdemo (bestimmte Mitgliedschaftspakete, verschiedene Profilinformationen) Benutzername = BenutzerKennwort = 1234 Agententestkonto f\u00fcr die Hauptdemo (bestimmte Mitgliedschaftspakete, unterschiedliche &#8230;<\/p>\n","protected":false},"author":1,"featured_media":0,"parent":0,"menu_order":0,"comment_status":"closed","ping_status":"closed","template":"","meta":{"footnotes":""},"class_list":["post-33077","page","type-page","status-publish","hentry"],"_links":{"self":[{"href":"https:\/\/alquiler.balearichomemallorca.com\/de\/wp-json\/wp\/v2\/pages\/33077","targetHints":{"allow":["GET"]}}],"collection":[{"href":"https:\/\/alquiler.balearichomemallorca.com\/de\/wp-json\/wp\/v2\/pages"}],"about":[{"href":"https:\/\/alquiler.balearichomemallorca.com\/de\/wp-json\/wp\/v2\/types\/page"}],"author":[{"embeddable":true,"href":"https:\/\/alquiler.balearichomemallorca.com\/de\/wp-json\/wp\/v2\/users\/1"}],"replies":[{"embeddable":true,"href":"https:\/\/alquiler.balearichomemallorca.com\/de\/wp-json\/wp\/v2\/comments?post=33077"}],"version-history":[{"count":0,"href":"https:\/\/alquiler.balearichomemallorca.com\/de\/wp-json\/wp\/v2\/pages\/33077\/revisions"}],"wp:attachment":[{"href":"https:\/\/alquiler.balearichomemallorca.com\/de\/wp-json\/wp\/v2\/media?parent=33077"}],"curies":[{"name":"wp","href":"https:\/\/api.w.org\/{rel}","templated":true}]}}