{"id":33051,"date":"2022-04-12T11:00:35","date_gmt":"2022-04-12T09:00:35","guid":{"rendered":"http:\/\/alquiler.balearichomemallorca.com\/sobre-nosotros\/"},"modified":"2022-04-12T11:00:35","modified_gmt":"2022-04-12T09:00:35","slug":"sobre-nosotros","status":"publish","type":"page","link":"https:\/\/alquiler.balearichomemallorca.com\/es\/sobre-nosotros\/","title":{"rendered":"SOBRE NOSOTROS"},"content":{"rendered":"<style>\/*! elementor - v3.6.2 - 04-04-2022 *\/<br \/>\n.elementor-heading-title{padding:0;margin:0;line-height:1}.elementor-widget-heading .elementor-heading-title[class*=elementor-size-]>a{color:inherit;font-size:inherit;line-height:inherit}.elementor-widget-heading .elementor-heading-title.elementor-size-small{font-size:15px}.elementor-widget-heading .elementor-heading-title.elementor-size-medium{font-size:19px}.elementor-widget-heading .elementor-heading-title.elementor-size-large{font-size:29px}.elementor-widget-heading .elementor-heading-title.elementor-size-xl{font-size:39px}.elementor-widget-heading .elementor-heading-title.elementor-size-xxl{font-size:59px}<\/style>\n<h2>M\u00e1s informaci\u00f3n<\/h2>\n<p>Conozca a nuestro talentoso equipo<\/p>\n<h2>M\u00e1s informaci\u00f3n<\/h2>\n<h2>Haciendo uso de su excepcional experiencia y conocimiento de los mercados de lujo frente al mar, Simone atiende a una amplia y selecta base de clientes de todo el mundo.&nbsp;<\/h2>\n<h3>Nuestra misi\u00f3n<\/h3>\n<p>Con m\u00e1s de $ 2 mil millones en ventas, nuestra agencia es la industria de lujo superior productor con m\u00e1s de 27 a\u00f1os de experiencia en la comercializaci\u00f3n de Seattles m\u00e1s prestigiosas propiedades frente al mar.&nbsp;<\/p>\n<style>\/*! elementor - v3.6.2 - 04-04-2022 *\/<br \/>\n.e-container.e-container--row .elementor-spacer-inner{width:var(--spacer-size)}.e-container.e-container--column .elementor-spacer-inner,.elementor-column .elementor-spacer-inner{height:var(--spacer-size)}<\/style>\n<h3>Nuestros valores<\/h3>\n<p>Con sus a\u00f1os de experiencia, su impresionante cartera de propiedades, su clientela c\u00e9lebre y su incomparable conocimiento del mercado y de las fincas de pedigr\u00ed, el estimable negocio de Simone es sofisticado y reconocido.<\/p>\n<h3>Nuestra visi\u00f3n<\/h3>\n<p>Gracias a nuestros incomparables resultados, experiencia y dedicaci\u00f3n, estamos entre las 6 mejores agencias de Seattle y de nuestra zona. Tambi\u00e9n es miembro de \u00e9lite del Consejo de Presidentes de Corcoran.&nbsp;&nbsp;<\/p>\n<h3>Nuestros recursos<\/h3>\n<p>Con sus a\u00f1os de experiencia, su impresionante cartera de propiedades, su clientela c\u00e9lebre y su incomparable conocimiento del mercado y de las fincas de pedigr\u00ed, el estimable negocio de Simone es sofisticado y reconocido.<\/p>\n<h2>Conoce a nuestro equipo<\/h2>\n<h2>Si desea la mejor atenci\u00f3n posible para sus necesidades inmobiliarias,<br \/>\nnuestros profesionales certificados est\u00e1n aqu\u00ed para ayudarle<\/h2>\n<p><img decoding=\"async\" width=\"500\" height=\"328\" src=\"http:\/\/demo-install.wpestate.org\/wp-content\/uploads\/2014\/05\/person4-7-4-500x328.jpg\" alt=\"\" loading=\"lazy\" srcset=\"http:\/\/demo-install.wpestate.org\/wp-content\/uploads\/2014\/05\/person4-7-4-500x328.jpg 500w, http:\/\/demo-install.wpestate.org\/wp-content\/uploads\/2014\/05\/person4-7-4-105x70.jpg 105w\" sizes=\"auto, (max-width: 500px) 100vw, 500px\"><\/p>\n<h4> <a href=\"http:\/\/demo-install.wpestate.org\/agents\/michael-suttherland\/\">Michaela Suttherland<\/a><\/h4>\n<p>agente inmobiliarioLa sociabilidad, el esp\u00edritu independiente y el incre\u00edble servicio de atenci\u00f3n al cliente de . <a href=\"http:\/\/demo-install.wpestate.org\/agents\/michael-suttherland\/\">.<\/a>.<br \/>\n<a href=\"http:\/\/wpresidence.net\/\" rel=\"noopener\"><\/a> <a href=\"http:\/\/wpresidence.net\/\" rel=\"noopener\"><\/a> <a href=\"http:\/\/wpresidence.net\/\" rel=\"noopener\"><\/a> <a href=\"http:\/\/wpresidence.net\/\" rel=\"noopener\"><\/a><a href=\"tel:(305)%20555-4555\" rel=\"noopener\"><\/a><a href=\"mailto:michael@wpresidence.net\" rel=\"noopener\"><\/a><br \/>\n<!-- --><br \/>\n<img decoding=\"async\" width=\"500\" height=\"328\" src=\"http:\/\/demo-install.wpestate.org\/wp-content\/uploads\/2014\/05\/person-16-4-500x328.jpg\" alt=\"\" loading=\"lazy\" srcset=\"http:\/\/demo-install.wpestate.org\/wp-content\/uploads\/2014\/05\/person-16-4-500x328.jpg 500w, http:\/\/demo-install.wpestate.org\/wp-content\/uploads\/2014\/05\/person-16-4-105x70.jpg 105w\" sizes=\"auto, (max-width: 500px) 100vw, 500px\"><\/p>\n<h4> <a href=\"http:\/\/demo-install.wpestate.org\/agents\/john-collins\/\">John Collins<\/a><\/h4>\n<p>Agente de empresaLorem ipsum dolor sit amet, consectetur adipiscing elit. Ut vel sem ut magna posuere tinci . <a href=\"http:\/\/demo-install.wpestate.org\/agents\/john-collins\/\">.<\/a>.<br \/>\n<a href=\"#\" rel=\"noopener\"><\/a> <a href=\"#\" rel=\"noopener\"><\/a> <a href=\"#\" rel=\"noopener\"><\/a> <a href=\"#\" rel=\"noopener\"><\/a> <a href=\"#\" rel=\"noopener\"><\/a><a href=\"tel:123-456-789\" rel=\"noopener\"><\/a><a href=\"mailto:John_demo@email.com\" rel=\"noopener\"><\/a><br \/>\n<!-- --><br \/>\n<img decoding=\"async\" width=\"500\" height=\"328\" src=\"http:\/\/demo-install.wpestate.org\/wp-content\/uploads\/2014\/05\/person4-7-4-500x328.jpg\" alt=\"\" loading=\"lazy\" srcset=\"http:\/\/demo-install.wpestate.org\/wp-content\/uploads\/2014\/05\/person4-7-4-500x328.jpg 500w, http:\/\/demo-install.wpestate.org\/wp-content\/uploads\/2014\/05\/person4-7-4-105x70.jpg 105w\" sizes=\"auto, (max-width: 500px) 100vw, 500px\"><\/p>\n<h4> <a href=\"http:\/\/demo-install.wpestate.org\/agents\/lora-smith\/\">Lora Smith<\/a><\/h4>\n<p>ejecutivo de ventasExisten muchas variaciones de pasajes de Lorem Ipsum, pero la mayor\u00eda tienen suf .. <a href=\"http:\/\/demo-install.wpestate.org\/agents\/lora-smith\/\">.<\/a><br \/>\n<a href=\"#\" rel=\"noopener\"><\/a> <a href=\"#\" rel=\"noopener\"><\/a> <a href=\"#\" rel=\"noopener\"><\/a> <a href=\"#\" rel=\"noopener\"><\/a> <a href=\"#\" rel=\"noopener\"><\/a><a href=\"tel:899%209877%208877\" rel=\"noopener\"><\/a><a href=\"mailto:lora_demo@gmail.com\" rel=\"noopener\"><\/a><br \/>\n<!-- --><\/p>\n<h2>Testimonios<\/h2>\n<h2>Publica los mejores testimonios de tus clientes y haz que el mundo sepa lo buen agente o agencia inmobiliaria que eres. Los testimonios generan confianza<\/h2>\n<p>Donna Gilmore vendedora satisfecha Revis\u00e9 y compr\u00e9 varios temas diferentes de WordPress antes de decidirme por Wp Residence.<br \/>\nMika Gilmore happy seller El equipo de WP Estate hizo un trabajo excepcional ayud\u00e1ndome a comprar y crear mi primer sitio web inmobiliario.<br \/>\nLisa Simpson feliz compradora Contratamos al equipo de WP Estate como nuestro agente comprador porque son el equipo perfecto para proyectos inmobiliarios.<\/p>\n<h2>Preguntas frecuentes<\/h2>\n<h2>Puede utilizar esta gu\u00eda para familiarizarse con las normas, leyes y otra informaci\u00f3n importante relacionada con su propiedad.<\/h2>\n<style>\/*! elementor - v3.6.2 - 04-04-2022 *\/<br \/>\n.elementor-toggle{text-align:left}.elementor-toggle .elementor-tab-title{font-weight:700;line-height:1;margin:0;padding:15px;border-bottom:1px solid #d4d4d4;cursor:pointer;outline:none}.elementor-toggle .elementor-tab-title .elementor-toggle-icon{display:inline-block;width:1em}.elementor-toggle .elementor-tab-title .elementor-toggle-icon svg{-webkit-margin-start:-5px;margin-inline-start:-5px;width:1em;height:1em}.elementor-toggle .elementor-tab-title .elementor-toggle-icon.elementor-toggle-icon-right{float:right;text-align:right}.elementor-toggle .elementor-tab-title .elementor-toggle-icon.elementor-toggle-icon-left{float:left;text-align:left}.elementor-toggle .elementor-tab-title .elementor-toggle-icon .elementor-toggle-icon-closed{display:block}.elementor-toggle .elementor-tab-title .elementor-toggle-icon .elementor-toggle-icon-opened{display:none}.elementor-toggle .elementor-tab-title.elementor-active{border-bottom:none}.elementor-toggle .elementor-tab-title.elementor-active .elementor-toggle-icon-closed{display:none}.elementor-toggle .elementor-tab-title.elementor-active .elementor-toggle-icon-opened{display:block}.elementor-toggle .elementor-tab-content{padding:15px;border-bottom:1px solid #d4d4d4;display:none}@media (max-width:767px){.elementor-toggle .elementor-tab-title{padding:12px}.elementor-toggle .elementor-tab-content{padding:12px 10px}}<\/style>\n<p>\t\t\t\t\t\t\t\t\t\t\t\t<a href=\"\">\u00bfPor qu\u00e9 se considera necesario registrar un contrato de compraventa?<\/a><\/p>\n<p>La Ley de Registro de 1908, la Ley de Transferencia de Propiedad de 1882 y la Ley de Bienes Inmuebles (Regulaci\u00f3n y Desarrollo) de 2016 ordenan el registro de un acuerdo de venta de un bien inmueble. Al registrar el acuerdo de venta de un bien inmueble, se convierte en un registro p\u00fablico permanente. Adem\u00e1s, se considera que una persona es propietaria legal de un bien inmueble s\u00f3lo cuando lo registra a su nombre.<\/p>\n<p><a href=\"\">\u00bfQu\u00e9 es la superficie de moqueta?<\/a><br \/>\nLorem ipsum dolor sit amet, consectetur adipiscing elit. Ut elit tellus, luctus nec ullamcorper mattis, pulvinar dapibus leo.<br \/>\n<a href=\"\">\u00bfC\u00f3mo puedo beneficiarme de exenciones fiscales?<\/a><br \/>\nLorem ipsum dolor sit amet, consectetur adipiscing elit. Ut elit tellus, luctus nec ullamcorper mattis, pulvinar dapibus leo.<br \/>\n<a href=\"\">\u00bfTengo que pagar el impuesto sobre actos jur\u00eddicos documentados si la propiedad se transfiere o es un regalo?<\/a><br \/>\nLorem ipsum dolor sit amet, consectetur adipiscing elit. Ut elit tellus, luctus nec ullamcorper mattis, pulvinar dapibus leo.<br \/>\n<a href=\"\">\u00bfQu\u00e9 documentos necesita un comprador?<\/a><br \/>\nLorem ipsum dolor sit amet, consectetur adipiscing elit. Ut elit tellus, luctus nec ullamcorper mattis, pulvinar dapibus leo.<br \/>\n<a href=\"\">\u00bfEn cu\u00e1nto tiempo recibir\u00eda una llamada suya despu\u00e9s de escribir?<\/a><br \/>\nLorem ipsum dolor sit amet, consectetur adipiscing elit. Ut elit tellus, luctus nec ullamcorper mattis, pulvinar dapibus leo.<\/p>\n<h2>Estad\u00edsticas de nuestro equipo<\/h2>\n<h2>A pesar de sus ventas combinadas de m\u00e1s de 1.000 millones de d\u00f3lares, el equipo se esfuerza por mantener un aire de humildad y discreci\u00f3n.<\/h2>\n<style>\/*! elementor - v3.6.2 - 04-04-2022 *\/<br \/>\n.elementor-counter .elementor-counter-number-wrapper{display:-webkit-box;display:-ms-flexbox;display:flex;font-size:69px;font-weight:600;line-height:1}.elementor-counter .elementor-counter-number-prefix,.elementor-counter .elementor-counter-number-suffix{-webkit-box-flex:1;-ms-flex-positive:1;flex-grow:1;white-space:pre-wrap}.elementor-counter .elementor-counter-number-prefix{text-align:right}.elementor-counter .elementor-counter-number-suffix{text-align:left}.elementor-counter .elementor-counter-title{text-align:center;font-size:19px;font-weight:400;line-height:2.5}<\/style>\n<p>  $<br \/>\n0<br \/>\nM<br \/>\nVolumen de ventas actual<br \/>\n$<br \/>\n350<br \/>\nM<br \/>\nTotal vendido 2020 &#8211; 2022<br \/>\n$<br \/>\n0<br \/>\nB<br \/>\nVolumen de ventas a lo largo de la vida<\/p>\n<h2>P\u00f3ngase en contacto con nosotros para planificar su pr\u00f3xima operaci\u00f3n<\/h2>\n<p>Nuestros expertos y desarrolladores estar\u00e1n encantados de aportar su experiencia y conocimientos para ayudarle hoy mismo.<\/p>\n<form id=\"wpresidence-elementor-form-21af2c3a\" method=\"post\">\n            <input name=\"prop_id\" type=\"hidden\" id=\"agent_property_id\" value=\"\"><br \/>\n<input name=\"prop_id\" type=\"hidden\" id=\"agent_id\" value=\"\"><br \/>\n<input name=\"prop_id\" type=\"hidden\" id=\"contact_form_elementor\" value=\"1\"><br \/>\n<input type=\"hidden\" name=\"contact_ajax_nonce\" id=\"agent_property_ajax_nonce\" value=\"62f18c5c85\"><br \/>\n<input type=\"hidden\" id=\"wpresidence_form_id\" name=\"wpresidence_form_id\" value=\"wpresidence_form_7883\"><br \/>\n<input type=\"hidden\" id=\"elementor_email_subject\" name=\"email_suject\" value=\"Nuevo email de \"WpResidence Real Estate Demo\"  \"><br \/>\n<label for=\"form-field-name\">Apellido*<\/label><input type=\"text\" name=\"last_name\" id=\"form-field-name\" required=\"required\" placeholder=\"Apellido\"><label for=\"form-field-5217b40\">Nombre<\/label><input type=\"text\" name=\"first_name\" id=\"form-field-5217b40\" required=\"required\" placeholder=\"Nombre\"><label for=\"form-field-email\">Correo electr\u00f3nico*<\/label><input type=\"email\" name=\"email\" id=\"form-field-email\" required=\"required\" placeholder=\"Env\u00ede un correo electr\u00f3nico a\"><label for=\"form-field-e5a3521\">M\u00f3viles<\/label><input type=\"text\" name=\"mobile\" id=\"form-field-e5a3521\" placeholder=\"M\u00f3viles\"><label for=\"form-field-message\">Mensaje<\/label><textarea name=\"message\" id=\"form-field-message\" rows=\"4\" placeholder=\"Mensaje\"><\/textarea><br \/>\n<button type=\"submit\"><br \/>\nEnviar correo electr\u00f3nico  <\/button><br \/>\n<\/form>\n","protected":false},"excerpt":{"rendered":"<p>M\u00e1s informaci\u00f3n Conozca a nuestro talentoso equipo M\u00e1s informaci\u00f3n Haciendo uso de su excepcional experiencia y conocimiento de los mercados de lujo frente al mar, Simone atiende a una amplia y selecta base de clientes de todo el mundo.&nbsp; Nuestra misi\u00f3n Con m\u00e1s de $ 2 mil millones en ventas, nuestra agencia es la industria de lujo superior productor con m\u00e1s de 27 a\u00f1os &#8230;<\/p>\n","protected":false},"author":1,"featured_media":0,"parent":0,"menu_order":0,"comment_status":"closed","ping_status":"closed","template":"elementor_header_footer","meta":{"footnotes":""},"class_list":["post-33051","page","type-page","status-publish","hentry"],"_links":{"self":[{"href":"https:\/\/alquiler.balearichomemallorca.com\/es\/wp-json\/wp\/v2\/pages\/33051","targetHints":{"allow":["GET"]}}],"collection":[{"href":"https:\/\/alquiler.balearichomemallorca.com\/es\/wp-json\/wp\/v2\/pages"}],"about":[{"href":"https:\/\/alquiler.balearichomemallorca.com\/es\/wp-json\/wp\/v2\/types\/page"}],"author":[{"embeddable":true,"href":"https:\/\/alquiler.balearichomemallorca.com\/es\/wp-json\/wp\/v2\/users\/1"}],"replies":[{"embeddable":true,"href":"https:\/\/alquiler.balearichomemallorca.com\/es\/wp-json\/wp\/v2\/comments?post=33051"}],"version-history":[{"count":0,"href":"https:\/\/alquiler.balearichomemallorca.com\/es\/wp-json\/wp\/v2\/pages\/33051\/revisions"}],"wp:attachment":[{"href":"https:\/\/alquiler.balearichomemallorca.com\/es\/wp-json\/wp\/v2\/media?parent=33051"}],"curies":[{"name":"wp","href":"https:\/\/api.w.org\/{rel}","templated":true}]}}