{"id":33055,"date":"2021-12-10T11:47:41","date_gmt":"2021-12-10T10:47:41","guid":{"rendered":"http:\/\/alquiler.balearichomemallorca.com\/einzelkarte-mit-pins\/"},"modified":"2021-12-10T11:47:41","modified_gmt":"2021-12-10T10:47:41","slug":"einzelkarte-mit-pins","status":"publish","type":"page","link":"https:\/\/alquiler.balearichomemallorca.com\/es\/einzelkarte-mit-pins\/","title":{"rendered":"Einzelkarte mit Pins"},"content":{"rendered":"<style>\/*! elementor - v3.8.0 - 30-10-2022 *\/\n.elementor-heading-title{padding:0;margin:0;line-height:1}.elementor-widget-heading .elementor-heading-title[class*=elementor-size-]&gt;a{color:inherit;font-size:inherit;line-height:inherit}.elementor-widget-heading .elementor-heading-title.elementor-size-small{font-size:15px}.elementor-widget-heading .elementor-heading-title.elementor-size-medium{font-size:19px}.elementor-widget-heading .elementor-heading-title.elementor-size-large{font-size:29px}.elementor-widget-heading .elementor-heading-title.elementor-size-xl{font-size:39px}.elementor-widget-heading .elementor-heading-title.elementor-size-xxl{font-size:59px}<\/style>\n<h2>Nuestra historia<\/h2>\n<p>Utilice el c\u00f3digo de acceso de la p\u00e1gina de inicio. A continuaci\u00f3n, podr\u00e1s ver los mensajes que deseas visualizar, as\u00ed como las im\u00e1genes de la tarjeta.  <\/p>\n<p>\t\t\t<!-- Google Map --><br \/>\n  haga clic para activar el zoom<br \/>\n  cargando&#8230;<br \/>\n  No encontramos ning\u00fan resultado<br \/>\n  mapa abierto<br \/>\n  Ver<br \/>\n  Mapa de carreteras<br \/>\n  Sat\u00e9lite<br \/>\n  H\u00edbrido<br \/>\n  Terreno<br \/>\n  Mi ubicaci\u00f3n<br \/>\n  Pantalla completa<br \/>\n  Anterior<br \/>\n  Siguiente<br \/>\n<!-- END Google Map --><\/p>\n","protected":false},"excerpt":{"rendered":"<p>Nuestra historia Utilice el c\u00f3digo de acceso de la p\u00e1gina de inicio. A continuaci\u00f3n, podr\u00e1s ver los mensajes que deseas visualizar, as\u00ed como las im\u00e1genes de la tarjeta. haga clic para activar el zoom cargando&#8230; No encontramos ning\u00fan resultado mapa abierto Ver Mapa de carreteras Sat\u00e9lite H\u00edbrido Terreno Mi ubicaci\u00f3n Pantalla completa Anterior Siguiente<\/p>\n","protected":false},"author":1,"featured_media":0,"parent":0,"menu_order":0,"comment_status":"closed","ping_status":"closed","template":"","meta":{"footnotes":""},"class_list":["post-33055","page","type-page","status-publish","hentry"],"_links":{"self":[{"href":"https:\/\/alquiler.balearichomemallorca.com\/es\/wp-json\/wp\/v2\/pages\/33055","targetHints":{"allow":["GET"]}}],"collection":[{"href":"https:\/\/alquiler.balearichomemallorca.com\/es\/wp-json\/wp\/v2\/pages"}],"about":[{"href":"https:\/\/alquiler.balearichomemallorca.com\/es\/wp-json\/wp\/v2\/types\/page"}],"author":[{"embeddable":true,"href":"https:\/\/alquiler.balearichomemallorca.com\/es\/wp-json\/wp\/v2\/users\/1"}],"replies":[{"embeddable":true,"href":"https:\/\/alquiler.balearichomemallorca.com\/es\/wp-json\/wp\/v2\/comments?post=33055"}],"version-history":[{"count":0,"href":"https:\/\/alquiler.balearichomemallorca.com\/es\/wp-json\/wp\/v2\/pages\/33055\/revisions"}],"wp:attachment":[{"href":"https:\/\/alquiler.balearichomemallorca.com\/es\/wp-json\/wp\/v2\/media?parent=33055"}],"curies":[{"name":"wp","href":"https:\/\/api.w.org\/{rel}","templated":true}]}}